{"id":1101,"date":"2013-08-14T15:07:05","date_gmt":"2013-08-14T15:07:05","guid":{"rendered":"http:\/\/hataroknelkul.hu\/?page_id=1101"},"modified":"2020-11-16T13:14:52","modified_gmt":"2020-11-16T13:14:52","slug":"contacts","status":"publish","type":"page","link":"http:\/\/www.hataroknelkul.hu\/en\/contacts","title":{"rendered":"Contact"},"content":{"rendered":"<p style=\"text-align: center;\"><strong>Without Frontiers Office<\/strong><br \/>\nH-1118 Budapest, K\u00f6b\u00f6lk\u00fat street 12.<\/p>\n<p style=\"text-align: center;\"><strong>Tel.:<\/strong> +361\/467-0356<br \/>\n<strong>Fax:<\/strong> +361\/422-0555<\/p>\n<p style=\"text-align: center;\"><strong>Mobile numbers:<\/strong><\/p>\n<p style=\"text-align: center;\">Exhibitions: +3670\/3884953<br \/>\nEvents: +3670\/3228812<br \/>\nProjekts:+3670\/3855681<\/p>\n<p style=\"text-align: center;\"><strong>E-mail addresses:<\/strong><\/p>\n<p style=\"text-align: center;\">Central: <a href=\"mailto:hataroknelkul@t-online.hu\">hataroknelkul@t-online.hu<\/a><br \/>\nEvent orgenizing: <a href=\"mailto:hataroknelkul@t-online.hu\">hataroknelkul@t-online.hu<\/a><br \/>\nExhibition organizing: <a href=\"mailto:kiallitas@t-online.hu\">kiallitas@t-online.hu<\/a><br \/>\nEU projects: <a href=\"mailto:eupalyazatok@t-online.hu\">eupalyazatok@t-online.hu<\/a><\/p>\n","protected":false},"excerpt":{"rendered":"<p>Without Frontiers Office H-1118 Budapest, K\u00f6b\u00f6lk\u00fat street 12. Tel.: +361\/467-0356 Fax: +361\/422-0555 Mobile numbers: Exhibitions: +3670\/3884953 Events: +3670\/3228812 Projekts:+3670\/3855681 E-mail addresses: Central: hataroknelkul@t-online.hu Event orgenizing: &hellip;<\/p>\n","protected":false},"author":2,"featured_media":0,"parent":0,"menu_order":0,"comment_status":"closed","ping_status":"closed","template":"","meta":{"_acf_changed":false,"footnotes":""},"class_list":["post-1101","page","type-page","status-publish","hentry"],"acf":[],"_links":{"self":[{"href":"http:\/\/www.hataroknelkul.hu\/en\/wp-json\/wp\/v2\/pages\/1101","targetHints":{"allow":["GET"]}}],"collection":[{"href":"http:\/\/www.hataroknelkul.hu\/en\/wp-json\/wp\/v2\/pages"}],"about":[{"href":"http:\/\/www.hataroknelkul.hu\/en\/wp-json\/wp\/v2\/types\/page"}],"author":[{"embeddable":true,"href":"http:\/\/www.hataroknelkul.hu\/en\/wp-json\/wp\/v2\/users\/2"}],"replies":[{"embeddable":true,"href":"http:\/\/www.hataroknelkul.hu\/en\/wp-json\/wp\/v2\/comments?post=1101"}],"version-history":[{"count":5,"href":"http:\/\/www.hataroknelkul.hu\/en\/wp-json\/wp\/v2\/pages\/1101\/revisions"}],"predecessor-version":[{"id":2882,"href":"http:\/\/www.hataroknelkul.hu\/en\/wp-json\/wp\/v2\/pages\/1101\/revisions\/2882"}],"wp:attachment":[{"href":"http:\/\/www.hataroknelkul.hu\/en\/wp-json\/wp\/v2\/media?parent=1101"}],"curies":[{"name":"wp","href":"https:\/\/api.w.org\/{rel}","templated":true}]}}